{"id":1373,"date":"2026-03-03T01:25:47","date_gmt":"2026-03-02T22:25:47","guid":{"rendered":"https:\/\/nv-casino.games\/?page_id=1373"},"modified":"2026-03-03T02:25:13","modified_gmt":"2026-03-02T23:25:13","slug":"registration","status":"publish","type":"page","link":"https:\/\/nv-casino.games\/be\/registration.html","title":{"rendered":"Inscription"},"content":{"rendered":"","protected":false},"excerpt":{"rendered":"","protected":false},"author":1,"featured_media":0,"parent":0,"menu_order":0,"comment_status":"closed","ping_status":"closed","template":"","meta":{"_acf_changed":false,"footnotes":""},"class_list":["post-1373","page","type-page","status-publish","hentry"],"acf":[],"yoast_head":"<!-- This site is optimized with the Yoast SEO plugin v25.1 - https:\/\/yoast.com\/wordpress\/plugins\/seo\/ -->\n<title>NV Casino Inscription - S&#039;inscrire<\/title>\n<meta name=\"description\" content=\"Inscrivez-vous \u00e0 NV Casino et obtenez un bonus de bienvenue jusqu&#039;\u00e0 100% sur votre premier d\u00e9p\u00f4t. Inscription rapide en 2 minutes.\" \/>\n<meta name=\"robots\" content=\"noindex, follow, max-snippet:-1, max-image-preview:large, max-video-preview:-1\" \/>\n<meta property=\"og:locale\" content=\"fr_FR\" \/>\n<meta property=\"og:type\" content=\"article\" \/>\n<meta property=\"og:title\" content=\"NV Casino Inscription - S&#039;inscrire\" \/>\n<meta property=\"og:description\" content=\"Inscrivez-vous \u00e0 NV Casino et obtenez un bonus de bienvenue jusqu&#039;\u00e0 100% sur votre premier d\u00e9p\u00f4t. Inscription rapide en 2 minutes.\" \/>\n<meta property=\"og:url\" content=\"https:\/\/nv-casino.games\/be\/registration.html\" \/>\n<meta property=\"og:site_name\" content=\"NV games Belgium\" \/>\n<meta property=\"article:modified_time\" content=\"2026-03-02T23:25:13+00:00\" \/>\n<meta name=\"twitter:card\" content=\"summary_large_image\" \/>\n<script type=\"application\/ld+json\" class=\"yoast-schema-graph\">{\"@context\":\"https:\/\/schema.org\",\"@graph\":[{\"@type\":\"WebPage\",\"@id\":\"https:\/\/nv-casino.games\/be\/registration.html\",\"url\":\"https:\/\/nv-casino.games\/be\/registration.html\",\"name\":\"NV Casino Inscription - S'inscrire\",\"isPartOf\":{\"@id\":\"https:\/\/nv-casino.games\/be\/#website\"},\"datePublished\":\"2026-03-02T22:25:47+00:00\",\"dateModified\":\"2026-03-02T23:25:13+00:00\",\"description\":\"Inscrivez-vous \u00e0 NV Casino et obtenez un bonus de bienvenue jusqu'\u00e0 100% sur votre premier d\u00e9p\u00f4t. Inscription rapide en 2 minutes.\",\"inLanguage\":\"fr-BE\",\"potentialAction\":[{\"@type\":\"ReadAction\",\"target\":[\"https:\/\/nv-casino.games\/be\/registration.html\"]}]},{\"@type\":\"WebSite\",\"@id\":\"https:\/\/nv-casino.games\/be\/#website\",\"url\":\"https:\/\/nv-casino.games\/be\/\",\"name\":\"NV games Belgium\",\"description\":\"\",\"potentialAction\":[{\"@type\":\"SearchAction\",\"target\":{\"@type\":\"EntryPoint\",\"urlTemplate\":\"https:\/\/nv-casino.games\/be\/?s={search_term_string}\"},\"query-input\":{\"@type\":\"PropertyValueSpecification\",\"valueRequired\":true,\"valueName\":\"search_term_string\"}}],\"inLanguage\":\"fr-BE\"}]}<\/script>\n<!-- \/ Yoast SEO plugin. -->","yoast_head_json":{"title":"NV Casino Inscription - S'inscrire","description":"Inscrivez-vous \u00e0 NV Casino et obtenez un bonus de bienvenue jusqu'\u00e0 100% sur votre premier d\u00e9p\u00f4t. Inscription rapide en 2 minutes.","robots":{"index":"noindex","follow":"follow","max-snippet":"max-snippet:-1","max-image-preview":"max-image-preview:large","max-video-preview":"max-video-preview:-1"},"og_locale":"fr_FR","og_type":"article","og_title":"NV Casino Inscription - S'inscrire","og_description":"Inscrivez-vous \u00e0 NV Casino et obtenez un bonus de bienvenue jusqu'\u00e0 100% sur votre premier d\u00e9p\u00f4t. Inscription rapide en 2 minutes.","og_url":"https:\/\/nv-casino.games\/be\/registration.html","og_site_name":"NV games Belgium","article_modified_time":"2026-03-02T23:25:13+00:00","twitter_card":"summary_large_image","schema":{"@context":"https:\/\/schema.org","@graph":[{"@type":"WebPage","@id":"https:\/\/nv-casino.games\/be\/registration.html","url":"https:\/\/nv-casino.games\/be\/registration.html","name":"NV Casino Inscription - S'inscrire","isPartOf":{"@id":"https:\/\/nv-casino.games\/be\/#website"},"datePublished":"2026-03-02T22:25:47+00:00","dateModified":"2026-03-02T23:25:13+00:00","description":"Inscrivez-vous \u00e0 NV Casino et obtenez un bonus de bienvenue jusqu'\u00e0 100% sur votre premier d\u00e9p\u00f4t. Inscription rapide en 2 minutes.","inLanguage":"fr-BE","potentialAction":[{"@type":"ReadAction","target":["https:\/\/nv-casino.games\/be\/registration.html"]}]},{"@type":"WebSite","@id":"https:\/\/nv-casino.games\/be\/#website","url":"https:\/\/nv-casino.games\/be\/","name":"NV games Belgium","description":"","potentialAction":[{"@type":"SearchAction","target":{"@type":"EntryPoint","urlTemplate":"https:\/\/nv-casino.games\/be\/?s={search_term_string}"},"query-input":{"@type":"PropertyValueSpecification","valueRequired":true,"valueName":"search_term_string"}}],"inLanguage":"fr-BE"}]}},"amp_enabled":true,"_links":{"self":[{"href":"https:\/\/nv-casino.games\/be\/wp-json\/wp\/v2\/pages\/1373","targetHints":{"allow":["GET"]}}],"collection":[{"href":"https:\/\/nv-casino.games\/be\/wp-json\/wp\/v2\/pages"}],"about":[{"href":"https:\/\/nv-casino.games\/be\/wp-json\/wp\/v2\/types\/page"}],"author":[{"embeddable":true,"href":"https:\/\/nv-casino.games\/be\/wp-json\/wp\/v2\/users\/1"}],"replies":[{"embeddable":true,"href":"https:\/\/nv-casino.games\/be\/wp-json\/wp\/v2\/comments?post=1373"}],"version-history":[{"count":3,"href":"https:\/\/nv-casino.games\/be\/wp-json\/wp\/v2\/pages\/1373\/revisions"}],"predecessor-version":[{"id":1396,"href":"https:\/\/nv-casino.games\/be\/wp-json\/wp\/v2\/pages\/1373\/revisions\/1396"}],"wp:attachment":[{"href":"https:\/\/nv-casino.games\/be\/wp-json\/wp\/v2\/media?parent=1373"}],"curies":[{"name":"wp","href":"https:\/\/api.w.org\/{rel}","templated":true}]}}