{"id":1368,"date":"2026-03-03T01:22:09","date_gmt":"2026-03-02T22:22:09","guid":{"rendered":"https:\/\/nv-casino.games\/?page_id=1368"},"modified":"2026-03-03T02:19:48","modified_gmt":"2026-03-02T23:19:48","slug":"apk","status":"publish","type":"page","link":"https:\/\/nv-casino.games\/fr\/apk.html","title":{"rendered":"APK"},"content":{"rendered":"","protected":false},"excerpt":{"rendered":"","protected":false},"author":1,"featured_media":0,"parent":0,"menu_order":0,"comment_status":"closed","ping_status":"closed","template":"","meta":{"_acf_changed":false,"footnotes":""},"class_list":["post-1368","page","type-page","status-publish","hentry"],"acf":[],"yoast_head":"<!-- This site is optimized with the Yoast SEO plugin v25.1 - https:\/\/yoast.com\/wordpress\/plugins\/seo\/ -->\n<title>NV Casino APK - T\u00e9l\u00e9charger pour Android<\/title>\n<meta name=\"description\" content=\"T\u00e9l\u00e9chargez NV Casino APK pour Android. Installez l&#039;application mobile du casino et obtenez des bonus exclusifs.\" \/>\n<meta name=\"robots\" content=\"noindex, follow, max-snippet:-1, max-image-preview:large, max-video-preview:-1\" \/>\n<meta property=\"og:locale\" content=\"fr_FR\" \/>\n<meta property=\"og:type\" content=\"article\" \/>\n<meta property=\"og:title\" content=\"NV Casino APK - T\u00e9l\u00e9charger pour Android\" \/>\n<meta property=\"og:description\" content=\"T\u00e9l\u00e9chargez NV Casino APK pour Android. Installez l&#039;application mobile du casino et obtenez des bonus exclusifs.\" \/>\n<meta property=\"og:url\" content=\"https:\/\/nv-casino.games\/fr\/apk.html\" \/>\n<meta property=\"og:site_name\" content=\"NV games France\" \/>\n<meta property=\"article:modified_time\" content=\"2026-03-02T23:19:48+00:00\" \/>\n<meta name=\"twitter:card\" content=\"summary_large_image\" \/>\n<script type=\"application\/ld+json\" class=\"yoast-schema-graph\">{\"@context\":\"https:\/\/schema.org\",\"@graph\":[{\"@type\":\"WebPage\",\"@id\":\"https:\/\/nv-casino.games\/fr\/apk.html\",\"url\":\"https:\/\/nv-casino.games\/fr\/apk.html\",\"name\":\"NV Casino APK - T\u00e9l\u00e9charger pour Android\",\"isPartOf\":{\"@id\":\"https:\/\/nv-casino.games\/fr\/#website\"},\"datePublished\":\"2026-03-02T22:22:09+00:00\",\"dateModified\":\"2026-03-02T23:19:48+00:00\",\"description\":\"T\u00e9l\u00e9chargez NV Casino APK pour Android. Installez l'application mobile du casino et obtenez des bonus exclusifs.\",\"inLanguage\":\"fr-FR\",\"potentialAction\":[{\"@type\":\"ReadAction\",\"target\":[\"https:\/\/nv-casino.games\/fr\/apk.html\"]}]},{\"@type\":\"WebSite\",\"@id\":\"https:\/\/nv-casino.games\/fr\/#website\",\"url\":\"https:\/\/nv-casino.games\/fr\/\",\"name\":\"NV games France\",\"description\":\"\",\"potentialAction\":[{\"@type\":\"SearchAction\",\"target\":{\"@type\":\"EntryPoint\",\"urlTemplate\":\"https:\/\/nv-casino.games\/fr\/?s={search_term_string}\"},\"query-input\":{\"@type\":\"PropertyValueSpecification\",\"valueRequired\":true,\"valueName\":\"search_term_string\"}}],\"inLanguage\":\"fr-FR\"}]}<\/script>\n<!-- \/ Yoast SEO plugin. -->","yoast_head_json":{"title":"NV Casino APK - T\u00e9l\u00e9charger pour Android","description":"T\u00e9l\u00e9chargez NV Casino APK pour Android. Installez l'application mobile du casino et obtenez des bonus exclusifs.","robots":{"index":"noindex","follow":"follow","max-snippet":"max-snippet:-1","max-image-preview":"max-image-preview:large","max-video-preview":"max-video-preview:-1"},"og_locale":"fr_FR","og_type":"article","og_title":"NV Casino APK - T\u00e9l\u00e9charger pour Android","og_description":"T\u00e9l\u00e9chargez NV Casino APK pour Android. Installez l'application mobile du casino et obtenez des bonus exclusifs.","og_url":"https:\/\/nv-casino.games\/fr\/apk.html","og_site_name":"NV games France","article_modified_time":"2026-03-02T23:19:48+00:00","twitter_card":"summary_large_image","schema":{"@context":"https:\/\/schema.org","@graph":[{"@type":"WebPage","@id":"https:\/\/nv-casino.games\/fr\/apk.html","url":"https:\/\/nv-casino.games\/fr\/apk.html","name":"NV Casino APK - T\u00e9l\u00e9charger pour Android","isPartOf":{"@id":"https:\/\/nv-casino.games\/fr\/#website"},"datePublished":"2026-03-02T22:22:09+00:00","dateModified":"2026-03-02T23:19:48+00:00","description":"T\u00e9l\u00e9chargez NV Casino APK pour Android. Installez l'application mobile du casino et obtenez des bonus exclusifs.","inLanguage":"fr-FR","potentialAction":[{"@type":"ReadAction","target":["https:\/\/nv-casino.games\/fr\/apk.html"]}]},{"@type":"WebSite","@id":"https:\/\/nv-casino.games\/fr\/#website","url":"https:\/\/nv-casino.games\/fr\/","name":"NV games France","description":"","potentialAction":[{"@type":"SearchAction","target":{"@type":"EntryPoint","urlTemplate":"https:\/\/nv-casino.games\/fr\/?s={search_term_string}"},"query-input":{"@type":"PropertyValueSpecification","valueRequired":true,"valueName":"search_term_string"}}],"inLanguage":"fr-FR"}]}},"amp_enabled":true,"_links":{"self":[{"href":"https:\/\/nv-casino.games\/fr\/wp-json\/wp\/v2\/pages\/1368","targetHints":{"allow":["GET"]}}],"collection":[{"href":"https:\/\/nv-casino.games\/fr\/wp-json\/wp\/v2\/pages"}],"about":[{"href":"https:\/\/nv-casino.games\/fr\/wp-json\/wp\/v2\/types\/page"}],"author":[{"embeddable":true,"href":"https:\/\/nv-casino.games\/fr\/wp-json\/wp\/v2\/users\/1"}],"replies":[{"embeddable":true,"href":"https:\/\/nv-casino.games\/fr\/wp-json\/wp\/v2\/comments?post=1368"}],"version-history":[{"count":1,"href":"https:\/\/nv-casino.games\/fr\/wp-json\/wp\/v2\/pages\/1368\/revisions"}],"predecessor-version":[{"id":1374,"href":"https:\/\/nv-casino.games\/fr\/wp-json\/wp\/v2\/pages\/1368\/revisions\/1374"}],"wp:attachment":[{"href":"https:\/\/nv-casino.games\/fr\/wp-json\/wp\/v2\/media?parent=1368"}],"curies":[{"name":"wp","href":"https:\/\/api.w.org\/{rel}","templated":true}]}}