{"id":1371,"date":"2026-03-03T01:24:06","date_gmt":"2026-03-02T22:24:06","guid":{"rendered":"https:\/\/nv-casino.games\/?page_id=1371"},"modified":"2026-03-03T03:19:59","modified_gmt":"2026-03-03T00:19:59","slug":"promo-code","status":"publish","type":"page","link":"https:\/\/nv-casino.games\/hu\/promo-code.html","title":{"rendered":"Prom\u00f3ci\u00f3s k\u00f3d"},"content":{"rendered":"","protected":false},"excerpt":{"rendered":"","protected":false},"author":1,"featured_media":0,"parent":0,"menu_order":0,"comment_status":"closed","ping_status":"closed","template":"","meta":{"_acf_changed":false,"footnotes":""},"class_list":["post-1371","page","type-page","status-publish","hentry"],"acf":[],"yoast_head":"<!-- This site is optimized with the Yoast SEO plugin v25.1 - https:\/\/yoast.com\/wordpress\/plugins\/seo\/ -->\n<title>NV Casino Promo Codes - Current Promo Codes<\/title>\n<meta name=\"description\" content=\"Use NV Casino promo codes to get exclusive bonuses, free spins and special offers.\" \/>\n<meta name=\"robots\" content=\"noindex, follow, max-snippet:-1, max-image-preview:large, max-video-preview:-1\" \/>\n<meta property=\"og:locale\" content=\"hu_HU\" \/>\n<meta property=\"og:type\" content=\"article\" \/>\n<meta property=\"og:title\" content=\"NV Casino Promo Codes - Current Promo Codes\" \/>\n<meta property=\"og:description\" content=\"Use NV Casino promo codes to get exclusive bonuses, free spins and special offers.\" \/>\n<meta property=\"og:url\" content=\"https:\/\/nv-casino.games\/hu\/promo-code.html\" \/>\n<meta property=\"og:site_name\" content=\"Hungary\" \/>\n<meta property=\"article:modified_time\" content=\"2026-03-03T00:19:59+00:00\" \/>\n<meta name=\"twitter:card\" content=\"summary_large_image\" \/>\n<script type=\"application\/ld+json\" class=\"yoast-schema-graph\">{\"@context\":\"https:\/\/schema.org\",\"@graph\":[{\"@type\":\"WebPage\",\"@id\":\"https:\/\/nv-casino.games\/hu\/promo-code.html\",\"url\":\"https:\/\/nv-casino.games\/hu\/promo-code.html\",\"name\":\"NV Casino Promo Codes - Current Promo Codes\",\"isPartOf\":{\"@id\":\"https:\/\/nv-casino.games\/hu\/#website\"},\"datePublished\":\"2026-03-02T22:24:06+00:00\",\"dateModified\":\"2026-03-03T00:19:59+00:00\",\"description\":\"Use NV Casino promo codes to get exclusive bonuses, free spins and special offers.\",\"inLanguage\":\"hu\",\"potentialAction\":[{\"@type\":\"ReadAction\",\"target\":[\"https:\/\/nv-casino.games\/hu\/promo-code.html\"]}]},{\"@type\":\"WebSite\",\"@id\":\"https:\/\/nv-casino.games\/hu\/#website\",\"url\":\"https:\/\/nv-casino.games\/hu\/\",\"name\":\"Hungary\",\"description\":\"\",\"potentialAction\":[{\"@type\":\"SearchAction\",\"target\":{\"@type\":\"EntryPoint\",\"urlTemplate\":\"https:\/\/nv-casino.games\/hu\/?s={search_term_string}\"},\"query-input\":{\"@type\":\"PropertyValueSpecification\",\"valueRequired\":true,\"valueName\":\"search_term_string\"}}],\"inLanguage\":\"hu\"}]}<\/script>\n<!-- \/ Yoast SEO plugin. -->","yoast_head_json":{"title":"NV Casino Promo Codes - Current Promo Codes","description":"Use NV Casino promo codes to get exclusive bonuses, free spins and special offers.","robots":{"index":"noindex","follow":"follow","max-snippet":"max-snippet:-1","max-image-preview":"max-image-preview:large","max-video-preview":"max-video-preview:-1"},"og_locale":"hu_HU","og_type":"article","og_title":"NV Casino Promo Codes - Current Promo Codes","og_description":"Use NV Casino promo codes to get exclusive bonuses, free spins and special offers.","og_url":"https:\/\/nv-casino.games\/hu\/promo-code.html","og_site_name":"Hungary","article_modified_time":"2026-03-03T00:19:59+00:00","twitter_card":"summary_large_image","schema":{"@context":"https:\/\/schema.org","@graph":[{"@type":"WebPage","@id":"https:\/\/nv-casino.games\/hu\/promo-code.html","url":"https:\/\/nv-casino.games\/hu\/promo-code.html","name":"NV Casino Promo Codes - Current Promo Codes","isPartOf":{"@id":"https:\/\/nv-casino.games\/hu\/#website"},"datePublished":"2026-03-02T22:24:06+00:00","dateModified":"2026-03-03T00:19:59+00:00","description":"Use NV Casino promo codes to get exclusive bonuses, free spins and special offers.","inLanguage":"hu","potentialAction":[{"@type":"ReadAction","target":["https:\/\/nv-casino.games\/hu\/promo-code.html"]}]},{"@type":"WebSite","@id":"https:\/\/nv-casino.games\/hu\/#website","url":"https:\/\/nv-casino.games\/hu\/","name":"Hungary","description":"","potentialAction":[{"@type":"SearchAction","target":{"@type":"EntryPoint","urlTemplate":"https:\/\/nv-casino.games\/hu\/?s={search_term_string}"},"query-input":{"@type":"PropertyValueSpecification","valueRequired":true,"valueName":"search_term_string"}}],"inLanguage":"hu"}]}},"amp_enabled":true,"_links":{"self":[{"href":"https:\/\/nv-casino.games\/hu\/wp-json\/wp\/v2\/pages\/1371","targetHints":{"allow":["GET"]}}],"collection":[{"href":"https:\/\/nv-casino.games\/hu\/wp-json\/wp\/v2\/pages"}],"about":[{"href":"https:\/\/nv-casino.games\/hu\/wp-json\/wp\/v2\/types\/page"}],"author":[{"embeddable":true,"href":"https:\/\/nv-casino.games\/hu\/wp-json\/wp\/v2\/users\/1"}],"replies":[{"embeddable":true,"href":"https:\/\/nv-casino.games\/hu\/wp-json\/wp\/v2\/comments?post=1371"}],"version-history":[{"count":2,"href":"https:\/\/nv-casino.games\/hu\/wp-json\/wp\/v2\/pages\/1371\/revisions"}],"predecessor-version":[{"id":1391,"href":"https:\/\/nv-casino.games\/hu\/wp-json\/wp\/v2\/pages\/1371\/revisions\/1391"}],"wp:attachment":[{"href":"https:\/\/nv-casino.games\/hu\/wp-json\/wp\/v2\/media?parent=1371"}],"curies":[{"name":"wp","href":"https:\/\/api.w.org\/{rel}","templated":true}]}}