{"id":1357,"date":"2026-03-03T01:36:20","date_gmt":"2026-03-02T22:36:20","guid":{"rendered":"https:\/\/nv-casino.games\/pl\/?page_id=1357"},"modified":"2026-03-03T02:42:49","modified_gmt":"2026-03-02T23:42:49","slug":"promo-code","status":"publish","type":"page","link":"https:\/\/nv-casino.games\/pl\/promo-code.html","title":{"rendered":"Kod"},"content":{"rendered":"","protected":false},"excerpt":{"rendered":"","protected":false},"author":1,"featured_media":0,"parent":0,"menu_order":0,"comment_status":"closed","ping_status":"closed","template":"","meta":{"_acf_changed":false,"footnotes":""},"class_list":["post-1357","page","type-page","status-publish","hentry"],"acf":[],"yoast_head":"<!-- This site is optimized with the Yoast SEO plugin v25.1 - https:\/\/yoast.com\/wordpress\/plugins\/seo\/ -->\n<title>NV Casino Kody Promocyjne - Aktualne Kody Promocyjne<\/title>\n<meta name=\"description\" content=\"U\u017cyj kod\u00f3w promocyjnych NV Casino, aby otrzyma\u0107 ekskluzywne bonusy, darmowe spiny i specjalne oferty.\" \/>\n<meta name=\"robots\" content=\"noindex, follow, max-snippet:-1, max-image-preview:large, max-video-preview:-1\" \/>\n<meta property=\"og:locale\" content=\"pl_PL\" \/>\n<meta property=\"og:type\" content=\"article\" \/>\n<meta property=\"og:title\" content=\"NV Casino Kody Promocyjne - Aktualne Kody Promocyjne\" \/>\n<meta property=\"og:description\" content=\"U\u017cyj kod\u00f3w promocyjnych NV Casino, aby otrzyma\u0107 ekskluzywne bonusy, darmowe spiny i specjalne oferty.\" \/>\n<meta property=\"og:url\" content=\"https:\/\/nv-casino.games\/pl\/promo-code.html\" \/>\n<meta property=\"og:site_name\" content=\"NV casino Poland\" \/>\n<meta property=\"article:modified_time\" content=\"2026-03-02T23:42:49+00:00\" \/>\n<meta name=\"twitter:card\" content=\"summary_large_image\" \/>\n<script type=\"application\/ld+json\" class=\"yoast-schema-graph\">{\"@context\":\"https:\/\/schema.org\",\"@graph\":[{\"@type\":\"WebPage\",\"@id\":\"https:\/\/nv-casino.games\/pl\/promo-code.html\",\"url\":\"https:\/\/nv-casino.games\/pl\/promo-code.html\",\"name\":\"NV Casino Kody Promocyjne - Aktualne Kody Promocyjne\",\"isPartOf\":{\"@id\":\"https:\/\/nv-casino.games\/pl\/#website\"},\"datePublished\":\"2026-03-02T22:36:20+00:00\",\"dateModified\":\"2026-03-02T23:42:49+00:00\",\"description\":\"U\u017cyj kod\u00f3w promocyjnych NV Casino, aby otrzyma\u0107 ekskluzywne bonusy, darmowe spiny i specjalne oferty.\",\"inLanguage\":\"pl-PL\",\"potentialAction\":[{\"@type\":\"ReadAction\",\"target\":[\"https:\/\/nv-casino.games\/pl\/promo-code.html\"]}]},{\"@type\":\"WebSite\",\"@id\":\"https:\/\/nv-casino.games\/pl\/#website\",\"url\":\"https:\/\/nv-casino.games\/pl\/\",\"name\":\"NV casino Poland\",\"description\":\"\",\"potentialAction\":[{\"@type\":\"SearchAction\",\"target\":{\"@type\":\"EntryPoint\",\"urlTemplate\":\"https:\/\/nv-casino.games\/pl\/?s={search_term_string}\"},\"query-input\":{\"@type\":\"PropertyValueSpecification\",\"valueRequired\":true,\"valueName\":\"search_term_string\"}}],\"inLanguage\":\"pl-PL\"}]}<\/script>\n<!-- \/ Yoast SEO plugin. -->","yoast_head_json":{"title":"NV Casino Kody Promocyjne - Aktualne Kody Promocyjne","description":"U\u017cyj kod\u00f3w promocyjnych NV Casino, aby otrzyma\u0107 ekskluzywne bonusy, darmowe spiny i specjalne oferty.","robots":{"index":"noindex","follow":"follow","max-snippet":"max-snippet:-1","max-image-preview":"max-image-preview:large","max-video-preview":"max-video-preview:-1"},"og_locale":"pl_PL","og_type":"article","og_title":"NV Casino Kody Promocyjne - Aktualne Kody Promocyjne","og_description":"U\u017cyj kod\u00f3w promocyjnych NV Casino, aby otrzyma\u0107 ekskluzywne bonusy, darmowe spiny i specjalne oferty.","og_url":"https:\/\/nv-casino.games\/pl\/promo-code.html","og_site_name":"NV casino Poland","article_modified_time":"2026-03-02T23:42:49+00:00","twitter_card":"summary_large_image","schema":{"@context":"https:\/\/schema.org","@graph":[{"@type":"WebPage","@id":"https:\/\/nv-casino.games\/pl\/promo-code.html","url":"https:\/\/nv-casino.games\/pl\/promo-code.html","name":"NV Casino Kody Promocyjne - Aktualne Kody Promocyjne","isPartOf":{"@id":"https:\/\/nv-casino.games\/pl\/#website"},"datePublished":"2026-03-02T22:36:20+00:00","dateModified":"2026-03-02T23:42:49+00:00","description":"U\u017cyj kod\u00f3w promocyjnych NV Casino, aby otrzyma\u0107 ekskluzywne bonusy, darmowe spiny i specjalne oferty.","inLanguage":"pl-PL","potentialAction":[{"@type":"ReadAction","target":["https:\/\/nv-casino.games\/pl\/promo-code.html"]}]},{"@type":"WebSite","@id":"https:\/\/nv-casino.games\/pl\/#website","url":"https:\/\/nv-casino.games\/pl\/","name":"NV casino Poland","description":"","potentialAction":[{"@type":"SearchAction","target":{"@type":"EntryPoint","urlTemplate":"https:\/\/nv-casino.games\/pl\/?s={search_term_string}"},"query-input":{"@type":"PropertyValueSpecification","valueRequired":true,"valueName":"search_term_string"}}],"inLanguage":"pl-PL"}]}},"amp_enabled":true,"_links":{"self":[{"href":"https:\/\/nv-casino.games\/pl\/wp-json\/wp\/v2\/pages\/1357","targetHints":{"allow":["GET"]}}],"collection":[{"href":"https:\/\/nv-casino.games\/pl\/wp-json\/wp\/v2\/pages"}],"about":[{"href":"https:\/\/nv-casino.games\/pl\/wp-json\/wp\/v2\/types\/page"}],"author":[{"embeddable":true,"href":"https:\/\/nv-casino.games\/pl\/wp-json\/wp\/v2\/users\/1"}],"replies":[{"embeddable":true,"href":"https:\/\/nv-casino.games\/pl\/wp-json\/wp\/v2\/comments?post=1357"}],"version-history":[{"count":2,"href":"https:\/\/nv-casino.games\/pl\/wp-json\/wp\/v2\/pages\/1357\/revisions"}],"predecessor-version":[{"id":1376,"href":"https:\/\/nv-casino.games\/pl\/wp-json\/wp\/v2\/pages\/1357\/revisions\/1376"}],"wp:attachment":[{"href":"https:\/\/nv-casino.games\/pl\/wp-json\/wp\/v2\/media?parent=1357"}],"curies":[{"name":"wp","href":"https:\/\/api.w.org\/{rel}","templated":true}]}}