{"id":1359,"date":"2026-03-03T01:37:36","date_gmt":"2026-03-02T22:37:36","guid":{"rendered":"https:\/\/nv-casino.games\/pl\/?page_id=1359"},"modified":"2026-03-03T01:37:36","modified_gmt":"2026-03-02T22:37:36","slug":"registration","status":"publish","type":"page","link":"https:\/\/nv-casino.games\/pl\/registration.html","title":{"rendered":"Rejestracja"},"content":{"rendered":"","protected":false},"excerpt":{"rendered":"","protected":false},"author":1,"featured_media":0,"parent":0,"menu_order":0,"comment_status":"closed","ping_status":"closed","template":"","meta":{"_acf_changed":false,"footnotes":""},"class_list":["post-1359","page","type-page","status-publish","hentry"],"acf":[],"yoast_head":"<!-- This site is optimized with the Yoast SEO plugin v25.1 - https:\/\/yoast.com\/wordpress\/plugins\/seo\/ -->\n<title>NV Casino Rejestracja - Zarejestruj si\u0119<\/title>\n<meta name=\"description\" content=\"Zarejestruj si\u0119 w NV Casino i otrzymaj bonus powitalny do 100% przy pierwszej wp\u0142acie. Szybka rejestracja w 2 minuty.\" \/>\n<meta name=\"robots\" content=\"noindex, follow, max-snippet:-1, max-image-preview:large, max-video-preview:-1\" \/>\n<meta property=\"og:locale\" content=\"pl_PL\" \/>\n<meta property=\"og:type\" content=\"article\" \/>\n<meta property=\"og:title\" content=\"NV Casino Rejestracja - Zarejestruj si\u0119\" \/>\n<meta property=\"og:description\" content=\"Zarejestruj si\u0119 w NV Casino i otrzymaj bonus powitalny do 100% przy pierwszej wp\u0142acie. Szybka rejestracja w 2 minuty.\" \/>\n<meta property=\"og:url\" content=\"https:\/\/nv-casino.games\/pl\/registration.html\" \/>\n<meta property=\"og:site_name\" content=\"NV casino Poland\" \/>\n<meta name=\"twitter:card\" content=\"summary_large_image\" \/>\n<script type=\"application\/ld+json\" class=\"yoast-schema-graph\">{\"@context\":\"https:\/\/schema.org\",\"@graph\":[{\"@type\":\"WebPage\",\"@id\":\"https:\/\/nv-casino.games\/pl\/registration.html\",\"url\":\"https:\/\/nv-casino.games\/pl\/registration.html\",\"name\":\"NV Casino Rejestracja - Zarejestruj si\u0119\",\"isPartOf\":{\"@id\":\"https:\/\/nv-casino.games\/pl\/#website\"},\"datePublished\":\"2026-03-02T22:37:36+00:00\",\"description\":\"Zarejestruj si\u0119 w NV Casino i otrzymaj bonus powitalny do 100% przy pierwszej wp\u0142acie. Szybka rejestracja w 2 minuty.\",\"inLanguage\":\"pl-PL\",\"potentialAction\":[{\"@type\":\"ReadAction\",\"target\":[\"https:\/\/nv-casino.games\/pl\/registration.html\"]}]},{\"@type\":\"WebSite\",\"@id\":\"https:\/\/nv-casino.games\/pl\/#website\",\"url\":\"https:\/\/nv-casino.games\/pl\/\",\"name\":\"NV casino Poland\",\"description\":\"\",\"potentialAction\":[{\"@type\":\"SearchAction\",\"target\":{\"@type\":\"EntryPoint\",\"urlTemplate\":\"https:\/\/nv-casino.games\/pl\/?s={search_term_string}\"},\"query-input\":{\"@type\":\"PropertyValueSpecification\",\"valueRequired\":true,\"valueName\":\"search_term_string\"}}],\"inLanguage\":\"pl-PL\"}]}<\/script>\n<!-- \/ Yoast SEO plugin. -->","yoast_head_json":{"title":"NV Casino Rejestracja - Zarejestruj si\u0119","description":"Zarejestruj si\u0119 w NV Casino i otrzymaj bonus powitalny do 100% przy pierwszej wp\u0142acie. Szybka rejestracja w 2 minuty.","robots":{"index":"noindex","follow":"follow","max-snippet":"max-snippet:-1","max-image-preview":"max-image-preview:large","max-video-preview":"max-video-preview:-1"},"og_locale":"pl_PL","og_type":"article","og_title":"NV Casino Rejestracja - Zarejestruj si\u0119","og_description":"Zarejestruj si\u0119 w NV Casino i otrzymaj bonus powitalny do 100% przy pierwszej wp\u0142acie. Szybka rejestracja w 2 minuty.","og_url":"https:\/\/nv-casino.games\/pl\/registration.html","og_site_name":"NV casino Poland","twitter_card":"summary_large_image","schema":{"@context":"https:\/\/schema.org","@graph":[{"@type":"WebPage","@id":"https:\/\/nv-casino.games\/pl\/registration.html","url":"https:\/\/nv-casino.games\/pl\/registration.html","name":"NV Casino Rejestracja - Zarejestruj si\u0119","isPartOf":{"@id":"https:\/\/nv-casino.games\/pl\/#website"},"datePublished":"2026-03-02T22:37:36+00:00","description":"Zarejestruj si\u0119 w NV Casino i otrzymaj bonus powitalny do 100% przy pierwszej wp\u0142acie. Szybka rejestracja w 2 minuty.","inLanguage":"pl-PL","potentialAction":[{"@type":"ReadAction","target":["https:\/\/nv-casino.games\/pl\/registration.html"]}]},{"@type":"WebSite","@id":"https:\/\/nv-casino.games\/pl\/#website","url":"https:\/\/nv-casino.games\/pl\/","name":"NV casino Poland","description":"","potentialAction":[{"@type":"SearchAction","target":{"@type":"EntryPoint","urlTemplate":"https:\/\/nv-casino.games\/pl\/?s={search_term_string}"},"query-input":{"@type":"PropertyValueSpecification","valueRequired":true,"valueName":"search_term_string"}}],"inLanguage":"pl-PL"}]}},"amp_enabled":true,"_links":{"self":[{"href":"https:\/\/nv-casino.games\/pl\/wp-json\/wp\/v2\/pages\/1359","targetHints":{"allow":["GET"]}}],"collection":[{"href":"https:\/\/nv-casino.games\/pl\/wp-json\/wp\/v2\/pages"}],"about":[{"href":"https:\/\/nv-casino.games\/pl\/wp-json\/wp\/v2\/types\/page"}],"author":[{"embeddable":true,"href":"https:\/\/nv-casino.games\/pl\/wp-json\/wp\/v2\/users\/1"}],"replies":[{"embeddable":true,"href":"https:\/\/nv-casino.games\/pl\/wp-json\/wp\/v2\/comments?post=1359"}],"version-history":[{"count":1,"href":"https:\/\/nv-casino.games\/pl\/wp-json\/wp\/v2\/pages\/1359\/revisions"}],"predecessor-version":[{"id":1365,"href":"https:\/\/nv-casino.games\/pl\/wp-json\/wp\/v2\/pages\/1359\/revisions\/1365"}],"wp:attachment":[{"href":"https:\/\/nv-casino.games\/pl\/wp-json\/wp\/v2\/media?parent=1359"}],"curies":[{"name":"wp","href":"https:\/\/api.w.org\/{rel}","templated":true}]}}