{"id":1086,"date":"2026-03-01T16:52:15","date_gmt":"2026-03-01T13:52:15","guid":{"rendered":"https:\/\/nv-casino.games\/?page_id=1086"},"modified":"2026-03-03T04:02:33","modified_gmt":"2026-03-03T01:02:33","slug":"home","status":"publish","type":"page","link":"https:\/\/nv-casino.games\/sk\/","title":{"rendered":"Domov"},"content":{"rendered":"","protected":false},"excerpt":{"rendered":"","protected":false},"author":1,"featured_media":0,"parent":0,"menu_order":0,"comment_status":"closed","ping_status":"closed","template":"","meta":{"_acf_changed":false,"footnotes":""},"class_list":["post-1086","page","type-page","status-publish","hentry"],"acf":[],"yoast_head":"<!-- This site is optimized with the Yoast SEO plugin v25.1 - https:\/\/yoast.com\/wordpress\/plugins\/seo\/ -->\n<title>NV Casino - Najlep\u0161ie Online Kas\u00edno s Bonusmi<\/title>\n<meta name=\"description\" content=\"NV Casino - pr\u00e9miov\u00e9 online kas\u00edno s ve\u013ek\u00fdmi bonusmi, \u017eiv\u00fdmi krupi\u00e9rmi a tis\u00edckami hier. Zaregistrujte sa a z\u00edskajte uv\u00edtac\u00ed bonus a\u017e 100%!\" \/>\n<meta name=\"robots\" content=\"noindex, follow, max-snippet:-1, max-image-preview:large, max-video-preview:-1\" \/>\n<meta property=\"og:locale\" content=\"sl_SI\" \/>\n<meta property=\"og:type\" content=\"article\" \/>\n<meta property=\"og:title\" content=\"NV Casino - Najlep\u0161ie Online Kas\u00edno s Bonusmi\" \/>\n<meta property=\"og:description\" content=\"NV Casino - pr\u00e9miov\u00e9 online kas\u00edno s ve\u013ek\u00fdmi bonusmi, \u017eiv\u00fdmi krupi\u00e9rmi a tis\u00edckami hier. Zaregistrujte sa a z\u00edskajte uv\u00edtac\u00ed bonus a\u017e 100%!\" \/>\n<meta property=\"og:url\" content=\"https:\/\/nv-casino.games\/sk\/\" \/>\n<meta property=\"og:site_name\" content=\"Slovakia\" \/>\n<meta property=\"article:modified_time\" content=\"2026-03-03T01:02:33+00:00\" \/>\n<meta name=\"twitter:card\" content=\"summary_large_image\" \/>\n<script type=\"application\/ld+json\" class=\"yoast-schema-graph\">{\"@context\":\"https:\/\/schema.org\",\"@graph\":[{\"@type\":\"WebPage\",\"@id\":\"https:\/\/nv-casino.games\/sk\/\",\"url\":\"https:\/\/nv-casino.games\/sk\/\",\"name\":\"NV Casino - Najlep\u0161ie Online Kas\u00edno s Bonusmi\",\"isPartOf\":{\"@id\":\"https:\/\/nv-casino.games\/sk\/#website\"},\"datePublished\":\"2026-03-01T13:52:15+00:00\",\"dateModified\":\"2026-03-03T01:02:33+00:00\",\"description\":\"NV Casino - pr\u00e9miov\u00e9 online kas\u00edno s ve\u013ek\u00fdmi bonusmi, \u017eiv\u00fdmi krupi\u00e9rmi a tis\u00edckami hier. Zaregistrujte sa a z\u00edskajte uv\u00edtac\u00ed bonus a\u017e 100%!\",\"inLanguage\":\"sl-SI\",\"potentialAction\":[{\"@type\":\"ReadAction\",\"target\":[\"https:\/\/nv-casino.games\/sk\/\"]}]},{\"@type\":\"WebSite\",\"@id\":\"https:\/\/nv-casino.games\/sk\/#website\",\"url\":\"https:\/\/nv-casino.games\/sk\/\",\"name\":\"Slovakia\",\"description\":\"\",\"potentialAction\":[{\"@type\":\"SearchAction\",\"target\":{\"@type\":\"EntryPoint\",\"urlTemplate\":\"https:\/\/nv-casino.games\/sk\/?s={search_term_string}\"},\"query-input\":{\"@type\":\"PropertyValueSpecification\",\"valueRequired\":true,\"valueName\":\"search_term_string\"}}],\"inLanguage\":\"sl-SI\"}]}<\/script>\n<!-- \/ Yoast SEO plugin. -->","yoast_head_json":{"title":"NV Casino - Najlep\u0161ie Online Kas\u00edno s Bonusmi","description":"NV Casino - pr\u00e9miov\u00e9 online kas\u00edno s ve\u013ek\u00fdmi bonusmi, \u017eiv\u00fdmi krupi\u00e9rmi a tis\u00edckami hier. Zaregistrujte sa a z\u00edskajte uv\u00edtac\u00ed bonus a\u017e 100%!","robots":{"index":"noindex","follow":"follow","max-snippet":"max-snippet:-1","max-image-preview":"max-image-preview:large","max-video-preview":"max-video-preview:-1"},"og_locale":"sl_SI","og_type":"article","og_title":"NV Casino - Najlep\u0161ie Online Kas\u00edno s Bonusmi","og_description":"NV Casino - pr\u00e9miov\u00e9 online kas\u00edno s ve\u013ek\u00fdmi bonusmi, \u017eiv\u00fdmi krupi\u00e9rmi a tis\u00edckami hier. Zaregistrujte sa a z\u00edskajte uv\u00edtac\u00ed bonus a\u017e 100%!","og_url":"https:\/\/nv-casino.games\/sk\/","og_site_name":"Slovakia","article_modified_time":"2026-03-03T01:02:33+00:00","twitter_card":"summary_large_image","schema":{"@context":"https:\/\/schema.org","@graph":[{"@type":"WebPage","@id":"https:\/\/nv-casino.games\/sk\/","url":"https:\/\/nv-casino.games\/sk\/","name":"NV Casino - Najlep\u0161ie Online Kas\u00edno s Bonusmi","isPartOf":{"@id":"https:\/\/nv-casino.games\/sk\/#website"},"datePublished":"2026-03-01T13:52:15+00:00","dateModified":"2026-03-03T01:02:33+00:00","description":"NV Casino - pr\u00e9miov\u00e9 online kas\u00edno s ve\u013ek\u00fdmi bonusmi, \u017eiv\u00fdmi krupi\u00e9rmi a tis\u00edckami hier. Zaregistrujte sa a z\u00edskajte uv\u00edtac\u00ed bonus a\u017e 100%!","inLanguage":"sl-SI","potentialAction":[{"@type":"ReadAction","target":["https:\/\/nv-casino.games\/sk\/"]}]},{"@type":"WebSite","@id":"https:\/\/nv-casino.games\/sk\/#website","url":"https:\/\/nv-casino.games\/sk\/","name":"Slovakia","description":"","potentialAction":[{"@type":"SearchAction","target":{"@type":"EntryPoint","urlTemplate":"https:\/\/nv-casino.games\/sk\/?s={search_term_string}"},"query-input":{"@type":"PropertyValueSpecification","valueRequired":true,"valueName":"search_term_string"}}],"inLanguage":"sl-SI"}]}},"amp_enabled":false,"_links":{"self":[{"href":"https:\/\/nv-casino.games\/sk\/wp-json\/wp\/v2\/pages\/1086","targetHints":{"allow":["GET"]}}],"collection":[{"href":"https:\/\/nv-casino.games\/sk\/wp-json\/wp\/v2\/pages"}],"about":[{"href":"https:\/\/nv-casino.games\/sk\/wp-json\/wp\/v2\/types\/page"}],"author":[{"embeddable":true,"href":"https:\/\/nv-casino.games\/sk\/wp-json\/wp\/v2\/users\/1"}],"replies":[{"embeddable":true,"href":"https:\/\/nv-casino.games\/sk\/wp-json\/wp\/v2\/comments?post=1086"}],"version-history":[{"count":5,"href":"https:\/\/nv-casino.games\/sk\/wp-json\/wp\/v2\/pages\/1086\/revisions"}],"predecessor-version":[{"id":1394,"href":"https:\/\/nv-casino.games\/sk\/wp-json\/wp\/v2\/pages\/1086\/revisions\/1394"}],"wp:attachment":[{"href":"https:\/\/nv-casino.games\/sk\/wp-json\/wp\/v2\/media?parent=1086"}],"curies":[{"name":"wp","href":"https:\/\/api.w.org\/{rel}","templated":true}]}}